{"id":6343,"date":"2024-07-31T22:30:10","date_gmt":"2024-07-31T22:30:10","guid":{"rendered":"https:\/\/alejandroaragona.com\/?page_id=6343"},"modified":"2025-04-09T20:49:52","modified_gmt":"2025-04-09T20:49:52","slug":"quien-certifica-a-los-ginecologos-oncologos-en-la-argentina","status":"publish","type":"page","link":"https:\/\/alejandroaragona.com\/?page_id=6343","title":{"rendered":"\u00bfQUI\u00c9N CERTIFICA A LOS GINEC\u00d3LOGOS ONC\u00d3LOGOS EN LA ARGENTINA?"},"content":{"rendered":"\n<p>Para obtener el t\u00edtulo oficial de ginec\u00f3logo onc\u00f3logo debe realizarse la Carrera de M\u00e9dico Especialista en Ginecolog\u00eda Oncol\u00f3gica en la Facultad de Medicina de la Universidad de Buenos Aires. La misma cuenta con tres sedes habilitadas: el Hospital de Cl\u00ednicas Jos\u00e9 de San Mart\u00edn, el Hospital Oncol\u00f3gico de la Ciudad de Buenos Aires Mar\u00eda Curie y Instituto de Oncolog\u00eda \u00c1ngel Roffo.<\/p>\n\n\n\n<p><br>Tambi\u00e9n puede obtenerse efectuando esta carrera en la Universidad Nacional de C\u00f3rdoba u optando por el Programa de la Especialidad dependiente del Ministerio de Salud de la Provincia de Neuqu\u00e9n.<\/p>\n\n\n\n<p><\/p>\n\n\n\n<p>En el \u00e1mbito privado se encuentra el programa de Ginecolog\u00eda Oncol\u00f3gica del Instituto Universitario CEMIC.<\/p>\n\n\n\n<p><\/p>\n\n\n\n<p>Otros programas son ofrecidos por hospitales privados de la comunidad y en base a las sugerencias de la Asociaci\u00f3n Argentina de Ginecolog\u00eda Oncol\u00f3gica, sin ofrecer titulo de especialista universitario o ministerial v\u00e1lido. <\/p>\n\n\n\n<p><\/p>\n\n\n\n<p>Son las universidades los \u00fanicos entes oficiales con capacidad de emitir t\u00edtulos de especialista, para el caso, el de ginec\u00f3logo onc\u00f3logo. Los t\u00edtulos de especialista universitarios tienen validez nacional e internacional y no caducan. Adem\u00e1s, se encargan de recertificar oportunamente a sus especialistas de acuerdo a su actualizaci\u00f3n en el campo del c\u00e1ncer ginecol\u00f3gico. <\/p>\n\n\n\n<p><\/p>\n\n\n\n<p><\/p>\n\n\n\n<p><\/p>\n\n\n\n<p class=\"has-small-font-size\">Fragmento de: <em>Manual e-book Ginecolog\u00eda Oncol\u00f3gica, Alejandro Soderini, Nicasio Cuneo, Alejandro Aragona y col. <\/em>Ed. Ascune Hnos.<\/p>\n","protected":false},"excerpt":{"rendered":"<p>Para obtener el t\u00edtulo oficial de ginec\u00f3logo onc\u00f3logo debe realizarse la Carrera de M\u00e9dico Especialista en Ginecolog\u00eda Oncol\u00f3gica en la Facultad de Medicina de la Universidad de Buenos Aires. La misma cuenta con tres sedes<\/p>\n<p><a href=\"https:\/\/alejandroaragona.com\/?page_id=6343\" class=\"more-link\">Seguir leyendo&#8230;<span class=\"screen-reader-text\">\u00bfQUI\u00c9N CERTIFICA A LOS GINEC\u00d3LOGOS ONC\u00d3LOGOS EN LA ARGENTINA?<\/span><\/a><\/p>\n","protected":false},"author":1,"featured_media":0,"parent":0,"menu_order":0,"comment_status":"closed","ping_status":"closed","template":"","meta":{"footnotes":""},"class_list":["post-6343","page","type-page","status-publish","hentry"],"_links":{"self":[{"href":"https:\/\/alejandroaragona.com\/index.php?rest_route=\/wp\/v2\/pages\/6343","targetHints":{"allow":["GET"]}}],"collection":[{"href":"https:\/\/alejandroaragona.com\/index.php?rest_route=\/wp\/v2\/pages"}],"about":[{"href":"https:\/\/alejandroaragona.com\/index.php?rest_route=\/wp\/v2\/types\/page"}],"author":[{"embeddable":true,"href":"https:\/\/alejandroaragona.com\/index.php?rest_route=\/wp\/v2\/users\/1"}],"replies":[{"embeddable":true,"href":"https:\/\/alejandroaragona.com\/index.php?rest_route=%2Fwp%2Fv2%2Fcomments&post=6343"}],"version-history":[{"count":4,"href":"https:\/\/alejandroaragona.com\/index.php?rest_route=\/wp\/v2\/pages\/6343\/revisions"}],"predecessor-version":[{"id":6427,"href":"https:\/\/alejandroaragona.com\/index.php?rest_route=\/wp\/v2\/pages\/6343\/revisions\/6427"}],"wp:attachment":[{"href":"https:\/\/alejandroaragona.com\/index.php?rest_route=%2Fwp%2Fv2%2Fmedia&parent=6343"}],"curies":[{"name":"wp","href":"https:\/\/api.w.org\/{rel}","templated":true}]}}