{"id":55,"date":"2014-10-24T00:38:47","date_gmt":"2014-10-24T00:38:47","guid":{"rendered":"http:\/\/alejandroaragona.com\/?page_id=55"},"modified":"2025-05-13T16:25:31","modified_gmt":"2025-05-13T16:25:31","slug":"55-2","status":"publish","type":"page","link":"https:\/\/alejandroaragona.com\/?page_id=55","title":{"rendered":"AGENDAR UN TURNO"},"content":{"rendered":"\n<div id=\"topdoctors-ar-widget-container-13\" style=\"max-width: 360px;\"><\/div> <script type=\"text\/javascript\" src=\"https:\/\/staticnew-prod.topdoctors.com.ar\/static\/widgets\/main.min.js#type=13&amp;apikey=Wrph4B01DEv5xwFGRv_m8vSk3E_erA%3D%3D&amp;environment=prod&amp;config=dW5kZWZpbmVk&amp;country=ar&amp;storage=https%3A%2F%2Fstaticnew-prod.topdoctors.com.ar&amp;apiurl=https%3A%2F%2Fwww.topdoctors.com.ar%2Fapi&amp;hostname=https%3A%2F%2Fwww.topdoctors.com.ar\"><\/script>\n\n\n\n<div class=\"wp-block-buttons is-layout-flex wp-block-buttons-is-layout-flex\"><\/div>\n\n\n\n<p><\/p>\n\n\n\n<figure class=\"wp-block-pullquote alignwide has-white-color has-black-background-color has-text-color has-background has-link-color has-large-font-size wp-elements-a15f39a84c33942d7e30ae7aa69d2b28\" style=\"border-width:14px;border-radius:0px\"><blockquote><p>SEDE CABALLITO <\/p><cite>Av. Rivadavia 4702 3\u00baD, Ciudad Aut\u00f3noma de Buenos Aires<\/cite><\/blockquote><\/figure>\n\n\n\n<div class=\"wp-block-media-text is-stacked-on-mobile\"><figure class=\"wp-block-media-text__media\"><img loading=\"lazy\" decoding=\"async\" width=\"1024\" height=\"576\" src=\"http:\/\/alejandroaragona.com\/wp-content\/uploads\/2025\/04\/cropped-f32310cc-c70b-4921-97d6-d7f3b0edf43e-2-1024x576.jpg\" alt=\"\" class=\"wp-image-6440 size-full\" srcset=\"https:\/\/alejandroaragona.com\/wp-content\/uploads\/2025\/04\/cropped-f32310cc-c70b-4921-97d6-d7f3b0edf43e-2-1024x576.jpg 1024w, https:\/\/alejandroaragona.com\/wp-content\/uploads\/2025\/04\/cropped-f32310cc-c70b-4921-97d6-d7f3b0edf43e-2-300x169.jpg 300w, https:\/\/alejandroaragona.com\/wp-content\/uploads\/2025\/04\/cropped-f32310cc-c70b-4921-97d6-d7f3b0edf43e-2-768x432.jpg 768w, https:\/\/alejandroaragona.com\/wp-content\/uploads\/2025\/04\/cropped-f32310cc-c70b-4921-97d6-d7f3b0edf43e-2.jpg 1280w\" sizes=\"auto, (max-width: 1024px) 100vw, 1024px\" \/><\/figure><div class=\"wp-block-media-text__content\">\n<pre class=\"wp-block-code\"><code>\n<iframe width='300' height='400' style='border: 0px solid #000000' src='https:\/\/www.google.com\/maps?q=Av. Rivadavia 4702 3\u00b0D, Ciudad Aut\u00f3noma de Buenos Aires, Argentina&z=14&t=m&hl=es&output=embed'><\/iframe>\n<\/code><\/pre>\n<\/div><\/div>\n\n\n\n<p class=\"has-text-align-left has-white-color has-dark-yellow-background-color has-text-color has-background has-link-color has-small-font-size wp-elements-f3f6dbc5496c8e32a6097832cf4e33db wp-container-content-e29552f7\">Telef\u00f3nicamente: 4902-3692 \/ 4903-0725<\/p>\n\n\n\n<p class=\"has-text-align-left has-white-color has-red-background-color has-text-color has-background has-link-color has-small-font-size wp-elements-7a0cc4f1514f77b4d15f78cdcf93d5bf wp-container-content-e29552f7\">V\u00eda WhatsApp: 1140814253<\/p>\n\n\n\n<p class=\"has-text-align-left has-white-color has-blue-background-color has-text-color has-background has-link-color has-small-font-size wp-elements-6dd523d7ef4219ec5057f45252d1de74 wp-container-content-e29552f7\">V\u00eda mail: contacto@alejandroaragona.com<\/p>\n\n\n\n<div class=\"wp-block-group is-nowrap is-layout-flex wp-container-core-group-is-layout-ad2f72ca wp-block-group-is-layout-flex\"><\/div>\n\n\n\n<figure class=\"wp-block-pullquote alignwide has-white-color has-black-background-color has-text-color has-background has-link-color has-large-font-size wp-elements-7964c771e878b8557522e4572b78d3ce\" style=\"border-width:14px;border-radius:0px\"><blockquote><p>SEDE CASTELAR <\/p><cite>Espa\u00f1a 1798, Castelar, Provincia de Buenos Aires<\/cite><\/blockquote><\/figure>\n\n\n\n<div class=\"wp-block-media-text is-stacked-on-mobile\"><figure class=\"wp-block-media-text__media\"><img loading=\"lazy\" decoding=\"async\" width=\"1024\" height=\"576\" src=\"http:\/\/alejandroaragona.com\/wp-content\/uploads\/2025\/04\/cropped-f32310cc-c70b-4921-97d6-d7f3b0edf43e-2-1024x576.jpg\" alt=\"\" class=\"wp-image-6440 size-full\" srcset=\"https:\/\/alejandroaragona.com\/wp-content\/uploads\/2025\/04\/cropped-f32310cc-c70b-4921-97d6-d7f3b0edf43e-2-1024x576.jpg 1024w, https:\/\/alejandroaragona.com\/wp-content\/uploads\/2025\/04\/cropped-f32310cc-c70b-4921-97d6-d7f3b0edf43e-2-300x169.jpg 300w, https:\/\/alejandroaragona.com\/wp-content\/uploads\/2025\/04\/cropped-f32310cc-c70b-4921-97d6-d7f3b0edf43e-2-768x432.jpg 768w, https:\/\/alejandroaragona.com\/wp-content\/uploads\/2025\/04\/cropped-f32310cc-c70b-4921-97d6-d7f3b0edf43e-2.jpg 1280w\" sizes=\"auto, (max-width: 1024px) 100vw, 1024px\" \/><\/figure><div class=\"wp-block-media-text__content\">\n<pre class=\"wp-block-code\"><code>\n<iframe width='300' height='400' style='border: 0px solid #000000' src='https:\/\/www.google.com\/maps?q=Espa\u00f1a 1798, Castelar, Provincia de Buenos Aires, Argentina&z=14&t=m&hl=es&output=embed'><\/iframe>\n<\/code><\/pre>\n<\/div><\/div>\n\n\n\n<p class=\"has-text-align-left has-white-color has-dark-yellow-background-color has-text-color has-background has-link-color has-small-font-size wp-elements-f52eae9da109ef8906d0e737265999d5 wp-container-content-e29552f7\">Telef\u00f3nicamente: 1140814253<\/p>\n\n\n\n<p class=\"has-text-align-left has-white-color has-red-background-color has-text-color has-background has-link-color has-small-font-size wp-elements-7a0cc4f1514f77b4d15f78cdcf93d5bf wp-container-content-e29552f7\">V\u00eda WhatsApp: 1140814253<\/p>\n\n\n\n<p class=\"has-text-align-left has-white-color has-blue-background-color has-text-color has-background has-link-color has-small-font-size wp-elements-6dd523d7ef4219ec5057f45252d1de74 wp-container-content-e29552f7\">V\u00eda mail: contacto@alejandroaragona.com<\/p>\n\n\n\n<p><\/p>\n\n\n\n<figure class=\"wp-block-pullquote alignwide has-white-color has-black-background-color has-text-color has-background has-link-color has-large-font-size wp-elements-f265d6d7b4991570c4b66e50b7877b03\" style=\"border-width:14px;border-radius:0px\"><blockquote><p>INSTITUTO ARGENTINO DE DIAGN\u00d3STICO Y TRATAMIENTO (IADT)<\/p><cite>Marcelo T. de Alvear 2439, Ciudad Aut\u00f3noma de Buenos Aires<\/cite><\/blockquote><\/figure>\n\n\n\n<div class=\"wp-block-media-text is-stacked-on-mobile\"><figure class=\"wp-block-media-text__media\"><img loading=\"lazy\" decoding=\"async\" width=\"1024\" height=\"576\" src=\"http:\/\/alejandroaragona.com\/wp-content\/uploads\/2025\/04\/cropped-C5D9C8BA-B0FF-4567-8BF4-BCF0E8D7BE67-1-1024x576.jpg\" alt=\"\" class=\"wp-image-6439 size-full\" srcset=\"https:\/\/alejandroaragona.com\/wp-content\/uploads\/2025\/04\/cropped-C5D9C8BA-B0FF-4567-8BF4-BCF0E8D7BE67-1-1024x576.jpg 1024w, https:\/\/alejandroaragona.com\/wp-content\/uploads\/2025\/04\/cropped-C5D9C8BA-B0FF-4567-8BF4-BCF0E8D7BE67-1-300x169.jpg 300w, https:\/\/alejandroaragona.com\/wp-content\/uploads\/2025\/04\/cropped-C5D9C8BA-B0FF-4567-8BF4-BCF0E8D7BE67-1-768x432.jpg 768w, https:\/\/alejandroaragona.com\/wp-content\/uploads\/2025\/04\/cropped-C5D9C8BA-B0FF-4567-8BF4-BCF0E8D7BE67-1.jpg 1338w\" sizes=\"auto, (max-width: 1024px) 100vw, 1024px\" \/><\/figure><div class=\"wp-block-media-text__content\">\n<pre class=\"wp-block-code\"><code>\n<iframe width='300' height='400' style='border: 0px solid #000000' src='https:\/\/www.google.com\/maps?q=Marcelo Torcuato de Alvear 2439, Ciudad Aut\u00f3noma de Buenos Aires, Argentina&z=14&t=m&hl=es&output=embed'><\/iframe>\n<\/code><\/pre>\n<\/div><\/div>\n\n\n\n<p class=\"has-text-align-left has-white-color has-dark-yellow-background-color has-text-color has-background has-link-color has-small-font-size wp-elements-9ab5e62935bc6d407a20f4fee10ca190 wp-container-content-e29552f7\">Telef\u00f3nicamente: 4965-1000 \/ 4965-6500 (opci\u00f3n 3)<span style=\"color: #000000;\"> <\/span><\/p>\n\n\n\n<p class=\"has-text-align-left has-white-color has-red-background-color has-text-color has-background has-link-color has-small-font-size wp-elements-099cf7feb628cc8675627ea3c2e5dd1e wp-container-content-e29552f7\">V\u00eda WhatsApp: 1161613300<\/p>\n\n\n\n<p class=\"has-text-align-left has-white-color has-blue-background-color has-text-color has-background has-link-color has-small-font-size wp-elements-6dd523d7ef4219ec5057f45252d1de74 wp-container-content-e29552f7\">V\u00eda mail: contacto@alejandroaragona.com<\/p>\n\n\n\n<div class=\"wp-block-group is-nowrap is-layout-flex wp-container-core-group-is-layout-ad2f72ca wp-block-group-is-layout-flex\"><\/div>\n\n\n\n<figure class=\"wp-block-pullquote alignwide has-white-color has-black-background-color has-text-color has-background has-link-color has-large-font-size wp-elements-4dc056298d896d19417d0f818d5b045e\" style=\"border-width:14px;border-radius:0px\"><blockquote><p>HOSPITAL ONCOL\u00d3GICO DE BUENOS AIRES MAR\u00cdA CURIE<\/p><cite>Av. Patricias Argentinas 750, Ciudad Aut\u00f3noma de Buenos Aires<\/cite><\/blockquote><\/figure>\n\n\n\n<div class=\"wp-block-media-text is-stacked-on-mobile\"><figure class=\"wp-block-media-text__media\"><img loading=\"lazy\" decoding=\"async\" width=\"1024\" height=\"616\" src=\"http:\/\/alejandroaragona.com\/wp-content\/uploads\/2025\/05\/Imagen-13-5-25-a-las-13.18-1024x616.jpg\" alt=\"\" class=\"wp-image-6544 size-full\" srcset=\"https:\/\/alejandroaragona.com\/wp-content\/uploads\/2025\/05\/Imagen-13-5-25-a-las-13.18-1024x616.jpg 1024w, https:\/\/alejandroaragona.com\/wp-content\/uploads\/2025\/05\/Imagen-13-5-25-a-las-13.18-300x181.jpg 300w, https:\/\/alejandroaragona.com\/wp-content\/uploads\/2025\/05\/Imagen-13-5-25-a-las-13.18-768x462.jpg 768w, https:\/\/alejandroaragona.com\/wp-content\/uploads\/2025\/05\/Imagen-13-5-25-a-las-13.18-1536x924.jpg 1536w, https:\/\/alejandroaragona.com\/wp-content\/uploads\/2025\/05\/Imagen-13-5-25-a-las-13.18.jpg 1592w\" sizes=\"auto, (max-width: 1024px) 100vw, 1024px\" \/><\/figure><div class=\"wp-block-media-text__content\">\n<pre class=\"wp-block-code\"><code>\n<iframe width='300' height='400' style='border: 0px solid #000000' src='https:\/\/www.google.com\/maps?q=Av Patricias Argentinas 750, Ciudad Aut\u00f3noma de Buenos\u00a0Aires, Argentina&z=14&t=m&hl=es&output=embed'><\/iframe>\n<\/code><\/pre>\n<\/div><\/div>\n\n\n\n<p class=\"has-text-align-left has-white-color has-dark-yellow-background-color has-text-color has-background has-link-color has-small-font-size wp-elements-622b4df769440257b74af1caceebc0b9 wp-container-content-e29552f7\">Telef\u00f3nicamente: 4982-1731 \/ 4982-1831<\/p>\n\n\n\n<p class=\"has-text-align-left has-white-color has-red-background-color has-text-color has-background has-link-color has-small-font-size wp-elements-57c71f38ad9691c1e96761f57643fd21 wp-container-content-e29552f7\">V\u00eda WhatsApp: 1150500147 (Boti)<\/p>\n\n\n\n<p class=\"has-text-align-left has-white-color has-text-color has-background has-link-color has-small-font-size wp-elements-0283a32dd0cd4e5e3a54b481d63b075b wp-container-content-e29552f7\" style=\"background:linear-gradient(135deg,rgb(202,248,128) 0%,rgb(113,206,126) 92%)\">V\u00eda \u00a0<a href=\"https:\/\/buenosaires.gob.ar\/salud\/hospitales-y-establecimientos-de-salud\/turnos-en-hospitales-y-establecimientos-de-salud\">Link a la p\u00e1gina del GCABA<\/a><\/p>\n\n\n\n<h3 class=\"wp-block-heading\">&nbsp;<\/h3>\n\n\n\n<p><\/p>\n","protected":false},"excerpt":{"rendered":"<p>SEDE CABALLITO Av. Rivadavia 4702 3\u00baD, Ciudad Aut\u00f3noma de Buenos Aires Telef\u00f3nicamente: 4902-3692 \/ 4903-0725 V\u00eda WhatsApp: 1140814253 V\u00eda mail: contacto@alejandroaragona.com SEDE CASTELAR Espa\u00f1a 1798, Castelar, Provincia de Buenos Aires Telef\u00f3nicamente: 1140814253 V\u00eda WhatsApp: 1140814253<\/p>\n<p><a href=\"https:\/\/alejandroaragona.com\/?page_id=55\" class=\"more-link\">Seguir leyendo&#8230;<span class=\"screen-reader-text\">AGENDAR UN TURNO<\/span><\/a><\/p>\n","protected":false},"author":1,"featured_media":0,"parent":0,"menu_order":5,"comment_status":"closed","ping_status":"closed","template":"","meta":{"footnotes":""},"class_list":["post-55","page","type-page","status-publish","hentry"],"_links":{"self":[{"href":"https:\/\/alejandroaragona.com\/index.php?rest_route=\/wp\/v2\/pages\/55","targetHints":{"allow":["GET"]}}],"collection":[{"href":"https:\/\/alejandroaragona.com\/index.php?rest_route=\/wp\/v2\/pages"}],"about":[{"href":"https:\/\/alejandroaragona.com\/index.php?rest_route=\/wp\/v2\/types\/page"}],"author":[{"embeddable":true,"href":"https:\/\/alejandroaragona.com\/index.php?rest_route=\/wp\/v2\/users\/1"}],"replies":[{"embeddable":true,"href":"https:\/\/alejandroaragona.com\/index.php?rest_route=%2Fwp%2Fv2%2Fcomments&post=55"}],"version-history":[{"count":64,"href":"https:\/\/alejandroaragona.com\/index.php?rest_route=\/wp\/v2\/pages\/55\/revisions"}],"predecessor-version":[{"id":6545,"href":"https:\/\/alejandroaragona.com\/index.php?rest_route=\/wp\/v2\/pages\/55\/revisions\/6545"}],"wp:attachment":[{"href":"https:\/\/alejandroaragona.com\/index.php?rest_route=%2Fwp%2Fv2%2Fmedia&parent=55"}],"curies":[{"name":"wp","href":"https:\/\/api.w.org\/{rel}","templated":true}]}}