{"id":37,"date":"2014-10-18T00:25:42","date_gmt":"2014-10-18T00:25:42","guid":{"rendered":"http:\/\/alejandroaragona.com\/?page_id=37"},"modified":"2025-04-10T22:42:01","modified_gmt":"2025-04-10T22:42:01","slug":"lo-que-toda-mujer-debe-saber","status":"publish","type":"page","link":"https:\/\/alejandroaragona.com\/?page_id=37","title":{"rendered":"LO QUE TODA MUJER DEBE SABER"},"content":{"rendered":"<p style=\"text-align: justify;\">Cada vez que una mujer se enfrenta al diagn\u00f3stico de <em>c\u00e1ncer <\/em>o la sospecha de padecerlo, momentos de angustia e incertidumbre surgir\u00e1n inexorablemente. De contar con un diagn\u00f3stico precoz, el tratamiento adecuado y la informaci\u00f3n necesaria, es altamente probable que se alcance un resultado favorable.<\/p>\n<p style=\"text-align: justify;\">Si usted o alguien cercano se encuentra atravesando esta situaci\u00f3n, entonces seguramente le interesar\u00e1 saber lo siguiente. El c\u00e1ncer ginecol\u00f3gico debe ser tratado por un m\u00e9dico ginec\u00f3logo especialista en oncolog\u00eda, es decir, un G<em>inec\u00f3logo Onc\u00f3logo.\u00a0<\/em>La G<em>inecolog\u00eda Oncol\u00f3gica<\/em>\u00a0es una <em>subespecialidad<\/em> posterior a la Ginecolog\u00eda. Comprender el alcance de este \u00faltimo concepto resulta fundamental. La formaci\u00f3n del Ginec\u00f3logo Onc\u00f3logo requiere entrenamiento exhaustivo y exclusivo en centros de referencia durante 3 a\u00f1os, y que continuar\u00e1 durante toda la vida del profesional. Es esta la \u00fanica manera posible de lograr el entendimiento para el adecuado manejo del c\u00e1ncer en la mujer. Se comprende entonces que esta <em>subespecialidad<\/em> excede completamente a un ginec\u00f3logo\u00a0general\u00a0o gineco-obstetra (ver <a title=\"\u00bfQu\u00e9 es la Ginecolog\u00eda Oncol\u00f3gica?\" href=\"http:\/\/alejandroaragona.com\/?page_id=24\" target=\"_blank\" rel=\"noopener\"><em>\u00bfQu\u00e9 es la Ginecolog\u00eda Oncol\u00f3gica?<\/em><\/a>). Existen en la actualidad, racimos de subespecialidades desprendidas de la tocoginecolog\u00eda. No se trata de una ginecolog\u00eda \u00fanica o gen\u00e9rica, hace pr\u00e1cticamente un siglo que as\u00ed dejo de serlo.<\/p>\n<p style=\"text-align: justify;\">De este modo, el c\u00e1ncer ginecol\u00f3gico no puede ni debe ser tratado por un ginec\u00f3logo general o por un cirujano no ginec\u00f3logo onc\u00f3logo, dado que de la correcta toma de decisiones y el tratamiento instaurado depender\u00e1 el pron\u00f3stico de la enfermedad, o dicho de otro modo, <em>las chances que tiene la mujer de sobrevivir al\u00a0c\u00e1ncer<\/em>.<\/p>\n<p style=\"text-align: justify;\">La excelencia en la atenci\u00f3n m\u00e9dica, debe ser un est\u00e1ndar consolidado e indiscutido en el <strong>2024<\/strong>. No estar a la altura de estas circunstancias significa una deuda poco \u00e9tica con la sociedad, adem\u00e1s de un desd\u00e9n por el progreso de la ciencia.<\/p>\n<p style=\"text-align: justify;\">Por lo tanto, es el ginec\u00f3logo onc\u00f3logo, trabajando en conjunto con un equipo de profesionales (onc\u00f3logos cl\u00ednicos, radioterapeutas, cirujanos oncopl\u00e1sticos, psico-onc\u00f3logos, etc.) qui\u00e9n se encontrar\u00e1 a cargo de la toma de decisiones en la mujer con c\u00e1ncer.<\/p>\n<p style=\"text-align: justify;\">Desafortunadamente, muchas veces el sistema de salud no ofrece estas oportunidades, ya sea por desconocimiento u omisi\u00f3n. Como resultado, la mujer no logra acceder al especialista correspondiente y una situaci\u00f3n que de ser manejada correctamente en tiempo y forma se traducir\u00eda en buenos resultados, se ve inmersa en confusi\u00f3n y la progresi\u00f3n misma del c\u00e1ncer.<\/p>\n<p><a href=\"http:\/\/alejandroaragona.com\/wp-content\/uploads\/2025\/04\/cropped-cropped-Schwarz-Grau-Modern-Elegant-Typografie-Initialen-Coach-Logo-3.png\"><img loading=\"lazy\" decoding=\"async\" class=\"alignnone size-medium wp-image-6421\" src=\"http:\/\/alejandroaragona.com\/wp-content\/uploads\/2025\/04\/cropped-cropped-Schwarz-Grau-Modern-Elegant-Typografie-Initialen-Coach-Logo-3-300x168.png\" alt=\"\" width=\"300\" height=\"168\" srcset=\"https:\/\/alejandroaragona.com\/wp-content\/uploads\/2025\/04\/cropped-cropped-Schwarz-Grau-Modern-Elegant-Typografie-Initialen-Coach-Logo-3-300x168.png 300w, https:\/\/alejandroaragona.com\/wp-content\/uploads\/2025\/04\/cropped-cropped-Schwarz-Grau-Modern-Elegant-Typografie-Initialen-Coach-Logo-3.png 500w\" sizes=\"auto, (max-width: 300px) 100vw, 300px\" \/><\/a><\/p>\n<p style=\"text-align: justify;\">\n","protected":false},"excerpt":{"rendered":"<p>Cada vez que una mujer se enfrenta al diagn\u00f3stico de c\u00e1ncer o la sospecha de padecerlo, momentos de angustia e incertidumbre surgir\u00e1n inexorablemente. De contar con un diagn\u00f3stico precoz, el tratamiento adecuado y la informaci\u00f3n<\/p>\n<p><a href=\"https:\/\/alejandroaragona.com\/?page_id=37\" class=\"more-link\">Seguir leyendo&#8230;<span class=\"screen-reader-text\">LO QUE TODA MUJER DEBE SABER<\/span><\/a><\/p>\n","protected":false},"author":1,"featured_media":0,"parent":0,"menu_order":0,"comment_status":"open","ping_status":"closed","template":"","meta":{"footnotes":""},"class_list":["post-37","page","type-page","status-publish","hentry"],"_links":{"self":[{"href":"https:\/\/alejandroaragona.com\/index.php?rest_route=\/wp\/v2\/pages\/37","targetHints":{"allow":["GET"]}}],"collection":[{"href":"https:\/\/alejandroaragona.com\/index.php?rest_route=\/wp\/v2\/pages"}],"about":[{"href":"https:\/\/alejandroaragona.com\/index.php?rest_route=\/wp\/v2\/types\/page"}],"author":[{"embeddable":true,"href":"https:\/\/alejandroaragona.com\/index.php?rest_route=\/wp\/v2\/users\/1"}],"replies":[{"embeddable":true,"href":"https:\/\/alejandroaragona.com\/index.php?rest_route=%2Fwp%2Fv2%2Fcomments&post=37"}],"version-history":[{"count":7,"href":"https:\/\/alejandroaragona.com\/index.php?rest_route=\/wp\/v2\/pages\/37\/revisions"}],"predecessor-version":[{"id":6496,"href":"https:\/\/alejandroaragona.com\/index.php?rest_route=\/wp\/v2\/pages\/37\/revisions\/6496"}],"wp:attachment":[{"href":"https:\/\/alejandroaragona.com\/index.php?rest_route=%2Fwp%2Fv2%2Fmedia&parent=37"}],"curies":[{"name":"wp","href":"https:\/\/api.w.org\/{rel}","templated":true}]}}