{"id":24,"date":"2014-10-16T01:44:07","date_gmt":"2014-10-16T01:44:07","guid":{"rendered":"http:\/\/alejandroaragona.com\/?page_id=24"},"modified":"2025-04-10T21:01:22","modified_gmt":"2025-04-10T21:01:22","slug":"que-es-la-ginecologia-oncologica","status":"publish","type":"page","link":"https:\/\/alejandroaragona.com\/?page_id=24","title":{"rendered":"\u00bfQU\u00c9 ES LA GINECOLOG\u00cdA ONCOL\u00d3GICA?"},"content":{"rendered":"<p style=\"text-align: justify;\"><span style=\"color: #ffffff;\">La\u00a0<em>Ginecolog\u00eda Oncol\u00f3<\/em><em>gica<\/em> es la subespecialidad m\u00e9dica que se encarga del cuidado de la mujer con c\u00e1ncer genital, es decir, c\u00e1ncer de cuello de \u00fatero, c\u00e1ncer de endometrio o de cuerpo de \u00fatero, c\u00e1ncer de ovario, c\u00e1ncer de vulva y de vagina.<\/span><\/p>\n<p style=\"text-align: justify;\"><span style=\"color: #ffffff;\">Aquellos ginec\u00f3logos o ginec\u00f3logos-obstetras que deseen convertirse en ginec\u00f3logos onc\u00f3logos deber\u00e1n ultraespecializarse a trav\u00e9s de programas intensivos de entrenamiento de 3 a\u00f1os de duraci\u00f3n para adquirir aquellas habilidades cl\u00ednicas y quir\u00fargicas que le permitir\u00e1n el manejo integral de la mujer con c\u00e1ncer. Esta situaci\u00f3n representa el <em>paradigma de la excelencia en la atenci\u00f3n de toda mujer que padece dicha enfermedad<\/em>.<\/span><\/p>\n<p style=\"text-align: justify;\"><span style=\"color: #ffffff;\">Los or\u00edgenes de la Ginecolog\u00eda Oncol\u00f3gica se remontan a los EE.UU., donde en <strong>1969<\/strong> se crea la <em>Society of Gynecologic Oncologists<\/em>\u00a0y un a\u00f1o m\u00e1s tarde se reconoce oficialmente la subespecialidad por el <em>American Board of Obstetrics and Gynecology<\/em>. Esto surgi\u00f3 como una necesidad impostergable ante el avance de los conocimientos y la individualizaci\u00f3n cada vez mayor de los tratamientos. En <strong>1991<\/strong> se funda la <em>Asociaci\u00f3n Argentina de Ginecolog\u00eda Oncol\u00f3gica<\/em>\u00a0(AAGO),\u00a0entidad pionera en nuestro pa\u00eds y toda Am\u00e9rica Latina.<\/span><\/p>\n<p style=\"text-align: justify;\"><span style=\"color: #ffffff;\">La <em>Ginecolog\u00eda Oncol\u00f3gica<\/em> ha conseguido un enorme progreso en cuanto a la calidad de vida de las mujeres\u00a0con c\u00e1ncer genital, promoviendo informaci\u00f3n clara y precisa, fomentando la participaci\u00f3n de la paciente\u00a0y su familia en la elecci\u00f3n del tratamiento.<\/span><\/p>\n<p style=\"text-align: justify;\"><span style=\"color: #ffffff;\">A diferencia de lo que sucede en pa\u00edses desarrollados con pol\u00edticas activas y personalizadas para el cuidado de la salud de su poblaci\u00f3n, al a\u00f1o 2024 en Argentina, el Ministerio de Salud a\u00fan <span style=\"text-decoration: underline;\">no<\/span> reconoce a la ginecolog\u00eda oncol\u00f3gica como subespecialidad (Resoluci\u00f3n 908\/2012)\u00b9. De hecho, no reconoce ninguna subespecialidad dentro de la ginecolog\u00eda, asumiendo que todos los ginec\u00f3logos se encuentran en iguales condiciones a la hora de tomar decisiones en una mujer con c\u00e1ncer. El mismo ejemplo podr\u00eda aplicarse a una mujer infertil, dado que la <em>Medicina Reproductiva<\/em> tampoco ha sido reconocida como subespecialidad. No existe control en la calidad de atenci\u00f3n m\u00e9dica brindada. El desconocimiento reinante asegura que las pacientes no exijan acreditaciones curriculares a sus m\u00e9dicos. Por supuesto que no se cuenta con una n\u00f3mina oficial para su libre consulta sobre aquellos profesionales debidamente habilitados en cada \u00e1rea. Esto sucede en contra de toda iniciativa tendiente a empoderar a la mujer.<\/span><\/p>\n<p style=\"text-align: justify;\"><span style=\"color: #ffffff;\">Es probable que tenga que ver con ciertos intereses econ\u00f3micos, dado que llegado el caso, todas las obras sociales y sistemas de medicina privada deber\u00edan contar con los subespecialistas correspondientes en su cartillas para brindar a sus afiliadas verdadera atenci\u00f3n personalizada y de excelencia, suponiendo un incremento en los honorarios de sus empleados, los m\u00e9dicos.<\/span><\/p>\n<p style=\"text-align: justify;\"><span style=\"color: #ffffff;\">Esto que puede sonar exagerado o incluso antojadizo, para el caso del c\u00e1ncer en ginecolog\u00eda, encuentra su m\u00e1xima raz\u00f3n de ser en las siguientes apreciaciones:<\/span><\/p>\n<ul style=\"text-align: justify;\">\n<li><span style=\"color: #ffffff;\">El ginec\u00f3logo onc\u00f3logo est\u00e1 5 veces m\u00e1s capacitado para extirpar completamente tumores malignos.<\/span><\/li>\n<li><span style=\"color: #ffffff;\">El 80% de pacientes con c\u00e1ncer de ovario recibe tratamiento inadecuado cuando es operada por cirujanos generales o por ginec\u00f3logos que no son <em>ginec\u00f3logos onc\u00f3logos<\/em>. Esto condena a la mujer con dicha enfermedad al peor de los pron\u00f3sticos posibles.<\/span><\/li>\n<li><span style=\"color: #ffffff;\">El c\u00e1ncer de cuello de \u00fatero, a\u00fan en estadios avanzados, es factible de ser controlado cuando es atacado con tratamientos radicales adecuados oportunamente dise\u00f1ados por ginec\u00f3logos onc\u00f3logos. El mejor ejemplo de ello es la realidad: el c\u00e1ncer de cuello de \u00fatero es el segundo c\u00e1ncer mas frecuente en Argentina y mat\u00f3 2127 mujeres en el 2012 (1 cada 4 horas)\u00b2.<\/span><\/li>\n<\/ul>\n<p style=\"text-align: justify;\"><span style=\"color: #ffffff;\">Resulta comprensible\u00a0ahora, que la falta de control en\u00a0<em>la calidad de la atenci\u00f3n m\u00e9dica especializada<\/em> tiene un \u00fanico damnificado: el enfermo.<\/span><\/p>\n<p style=\"text-align: justify;\"><span style=\"color: #ffffff;\">Parad\u00f3jicamente, a diferencia del Ministerio de Salud de la Naci\u00f3n, la <em>Facultad de Medicina <\/em>de la<em> Universidad de Buenos Aires<\/em> <span style=\"text-decoration: underline;\">s\u00ed<\/span> reconoce a la ginecolog\u00eda oncol\u00f3gica como una subespecialidad.<\/span><\/p>\n<p style=\"text-align: justify;\"><span style=\"color: #ffffff;\">Las Universidades son el \u00fanico ente oficial capaz de emitir un t\u00edtulo de especialista y recertificar el mismo\u00b3. <\/span><\/p>\n<p style=\"text-align: justify;\"><span style=\"color: #ffffff;\">Se trata de una carrera postb\u00e1sica de entrenamiento intensivo, (tambi\u00e9n denominada <em>Fellowship<\/em> en Norteam\u00e9rica, Europa y Ocean\u00eda) de 3 a\u00f1os de duraci\u00f3n como se ha dicho Las sedes pendientes de la Universidad de Buenos Aires son el Hospital de Cl\u00ednicas J<em>os\u00e9 de San Mart\u00edn<\/em>,\u00a0el\u00a0Hospital Oncol\u00f3gico de la Ciudad de Buenos Aires <em>Mar\u00eda Curie y<\/em>\u00a0el\u00a0Instituto de Oncolog\u00eda<em> \u00c1ngel H. Roffo.<\/em><\/span><\/p>\n<p style=\"text-align: justify;\"><em>Si desea conocer m\u00e1s sobre este tema o tiene alguna duda o pregunta relacionada, por favor no dude en contactarnos, nos resultar\u00e1 gratificante ampliar esta informaci\u00f3n.<\/em><\/p>\n<address style=\"text-align: center;\">\n<figure id=\"attachment_107\" aria-describedby=\"caption-attachment-107\" style=\"width: 600px\" class=\"wp-caption aligncenter\"><a href=\"http:\/\/alejandroaragona.com\/wp-content\/uploads\/2014\/10\/juanpabloii.jpg\"><img loading=\"lazy\" decoding=\"async\" class=\"wp-image-107 size-full\" src=\"http:\/\/alejandroaragona.com\/wp-content\/uploads\/2014\/10\/juanpabloii.jpg\" alt=\"\" width=\"600\" height=\"450\" srcset=\"https:\/\/alejandroaragona.com\/wp-content\/uploads\/2014\/10\/juanpabloii.jpg 600w, https:\/\/alejandroaragona.com\/wp-content\/uploads\/2014\/10\/juanpabloii-300x225.jpg 300w\" sizes=\"auto, (max-width: 600px) 100vw, 600px\" \/><\/a><figcaption id=\"caption-attachment-107\" class=\"wp-caption-text\">&#8220;USTEDES DOCTORES, GINEC\u00d3LOGOS ONC\u00d3LOGOS, SON LOS GUARDIANES Y SERVIDORES DE LA VIDA DE LA MUJER CON C\u00c1NCER&#8221;. Juan Pablo II, Noviembre de 1999, Roma.<\/figcaption><\/figure>\n<\/address>\n<h6 style=\"text-align: left;\"><em>\u00b9\u00a0<\/em><a href=\"http:\/\/www.msal.gov.ar\/residencias\/images\/stories\/descargas\/sistema-nacional-residencias\/bases-normativas\/resolucion-908.pdf\">http:\/\/www.msal.gov.ar\/residencias\/images\/stories\/descargas\/sistema-nacional-residencias\/bases-normativas\/resolucion-908.pdf<\/a><\/h6>\n<h6 style=\"text-align: left;\">\u00b2\u00a0<a title=\"GLOBOCAN 2012\" href=\"http:\/\/globocan.iarc.fr\/Pages\/fact_sheets_population.aspx\" target=\"_blank\" rel=\"noopener\">http:\/\/globocan.iarc.fr\/Pages\/fact_sheets_population.aspx<\/a>\u00a0\u00a0<a title=\"Lalcec\" href=\"http:\/\/lalcec-cba.org.ar\/utero.html\" target=\"_blank\" rel=\"noopener\">http:\/\/lalcec-cba.org.ar\/utero.html<\/a><\/h6>\n<h6 style=\"text-align: left;\">\u00b3\u00a0<a href=\"http:\/\/www.fmed.uba.ar\/posgrado\/especialistas\/detalles\/gineco_onco.htm\" target=\"_blank\" rel=\"noopener\">http:\/\/www.fmed.uba.ar\/posgrado\/especialistas\/detalles\/gineco_onco.htm<\/a><\/h6>\n","protected":false},"excerpt":{"rendered":"<p>La\u00a0Ginecolog\u00eda Oncol\u00f3gica es la subespecialidad m\u00e9dica que se encarga del cuidado de la mujer con c\u00e1ncer genital, es decir, c\u00e1ncer de cuello de \u00fatero, c\u00e1ncer de endometrio o de cuerpo de \u00fatero, c\u00e1ncer de ovario,<\/p>\n<p><a href=\"https:\/\/alejandroaragona.com\/?page_id=24\" class=\"more-link\">Seguir leyendo&#8230;<span class=\"screen-reader-text\">\u00bfQU\u00c9 ES LA GINECOLOG\u00cdA ONCOL\u00d3GICA?<\/span><\/a><\/p>\n","protected":false},"author":1,"featured_media":0,"parent":0,"menu_order":0,"comment_status":"open","ping_status":"closed","template":"","meta":{"footnotes":""},"class_list":["post-24","page","type-page","status-publish","hentry"],"_links":{"self":[{"href":"https:\/\/alejandroaragona.com\/index.php?rest_route=\/wp\/v2\/pages\/24","targetHints":{"allow":["GET"]}}],"collection":[{"href":"https:\/\/alejandroaragona.com\/index.php?rest_route=\/wp\/v2\/pages"}],"about":[{"href":"https:\/\/alejandroaragona.com\/index.php?rest_route=\/wp\/v2\/types\/page"}],"author":[{"embeddable":true,"href":"https:\/\/alejandroaragona.com\/index.php?rest_route=\/wp\/v2\/users\/1"}],"replies":[{"embeddable":true,"href":"https:\/\/alejandroaragona.com\/index.php?rest_route=%2Fwp%2Fv2%2Fcomments&post=24"}],"version-history":[{"count":17,"href":"https:\/\/alejandroaragona.com\/index.php?rest_route=\/wp\/v2\/pages\/24\/revisions"}],"predecessor-version":[{"id":6460,"href":"https:\/\/alejandroaragona.com\/index.php?rest_route=\/wp\/v2\/pages\/24\/revisions\/6460"}],"wp:attachment":[{"href":"https:\/\/alejandroaragona.com\/index.php?rest_route=%2Fwp%2Fv2%2Fmedia&parent=24"}],"curies":[{"name":"wp","href":"https:\/\/api.w.org\/{rel}","templated":true}]}}