{"id":2,"date":"2014-10-14T00:40:35","date_gmt":"2014-10-14T00:40:35","guid":{"rendered":"http:\/\/alejandroaragona.com\/?page_id=2"},"modified":"2025-04-10T21:03:23","modified_gmt":"2025-04-10T21:03:23","slug":"pagina-ejemplo","status":"publish","type":"page","link":"https:\/\/alejandroaragona.com\/","title":{"rendered":"BIENVENIDOS"},"content":{"rendered":"\n<p class=\"has-text-align-left has-light-gray-color has-white-background-color has-text-color has-background has-link-color wp-elements-324379226b1c5a3db65ab9dcf2ae5446\"><span style=\"color: #000000;\">Alejandro<em> <\/em>Aragona es un m\u00e9dico ginec\u00f3logo argentino dedicado al estudio y el tratamiento del c\u00e1ncer ginecol\u00f3gico. Naci\u00f3 en 1980 en la Ciudad de Buenos Aires. Ingres\u00f3 a la carrera de Medicina en la Facultad de Medicina de la Universidad de Buenos Aires (UBA) en 1998 gradu\u00e1ndose en 2004. Decididamente influenciado por la patolog\u00eda oncol\u00f3gica, realiz\u00f3 residencia completa en ginecolog\u00eda y obstetricia en el Hospital Naval de Buenos Aires para luego concursar y adjudicar el puesto de <em>fellow<\/em> en <em>Ginecolog\u00eda Oncol\u00f3gica<\/em> dependiente de la Direcci\u00f3n de Postgrado de la Facultad de Medicina de la UBA. En el a\u00f1o 2009 fue nombrado m\u00e9dico de planta del Servicio de Ginecolog\u00eda del Hospital Oncol\u00f3gico de Buenos Aires <em>Mar\u00eda Curie<\/em>. Complet\u00f3 su formaci\u00f3n de posgrado en Argentina y en el exterior. En el a\u00f1o 2010 fue becado por la <em>Fundaci\u00f3n Bunge y Born<\/em> para llevar a cabo el proyecto <em>\u201cTratamiento conservador de la fertilidad en el c\u00e1ncer de cuello uterino: Perfeccionamiento quir\u00fargico e incorporaci\u00f3n de t\u00e9cnicas m\u00ednimamente invasivas\u201d<\/em>. Desarroll\u00f3 el mismo en el&nbsp;<em>St.<\/em> <em>Stephens Hospital<\/em> de Budapest, Hungr\u00eda, bajo la tutela del Prof. Dr. Lazslo Ungar, m\u00e9dico gineco-onc\u00f3logo pionero y referente mundial en el tratamiento del c\u00e1ncer. Un a\u00f1o m\u00e1s tarde, la Facultad de Medicina de la UBA le&nbsp;hizo entrega del t\u00edtulo de \u2018Especialista Universitario en Ginecolog\u00eda Oncol\u00f3gica\u2019. En el a\u00f1o 2012&nbsp;fue&nbsp;enviado por la <em>International Gynecologic Cancer Society <\/em>(IGCS) a la <em>Universit\u00e0 di Roma La Sapienza<\/em> en Italia, para complementar su perfeccionamiento en el \u00e1rea de la cirug\u00eda radical&nbsp;de la pelvis femenina junto al Prof. Dr. Pierluigi Benedetti Panici, reconocido experto en la materia.<\/span><\/p>\n\n\n\n<p class=\"has-text-align-left has-light-gray-color has-white-background-color has-text-color has-background has-link-color wp-elements-e9c29f011be1c370719540b63bfe02a0\"><span style=\"color: #000000;\">Alejandro Aragona es m\u00e9dico especialista en ginecolog\u00eda oncol\u00f3gica seg\u00fan titulo expedido por la  Facultad de Medicina de la UBA, \u00fanico ente oficial capaz de emitir dichos t\u00edtulos acad\u00e9micos en la actualidad. Ha sido recertificado como tal por la misma. Adicionalmente, es ginec\u00f3logo onc\u00f3logo acreditado&nbsp;por la Asociaci\u00f3n Argentina de Ginecolog\u00eda Oncol\u00f3gica (AAGO). <\/span><\/p>\n\n\n\n<p class=\"has-text-align-left has-black-color has-white-background-color has-text-color has-background has-link-color wp-elements-1b2edba77965a3aa439e909ae0a720bb\"><span style=\"color: #000000;\">Es Docente Adscripto en Ginecolog\u00eda y actualmente el Subdirector de la Carrera de posgrado en Ginecolog\u00eda Oncol\u00f3gica de la&nbsp; UBA con sede en el Hospital Oncol\u00f3gico Mar\u00eda Curie.&nbsp;<\/span>Ha sido premiado en m\u00faltiples ocaciones por el rectorado de la UBA, distinguido por su actividad cient\u00edfica y asistencial en el desarrollo de tratamientos que mejoran la calidad de vida de las mujeres con c\u00e1ncer ginecol\u00f3gico.<\/p>\n\n\n\n<p class=\"has-text-align-left has-light-gray-color has-white-background-color has-text-color has-background has-link-color wp-elements-99d9d3bb74f5d7e16d4bc11a880a9647\"><span style=\"color: #000000;\">Con gran afici\u00f3n y preocupaci\u00f3n por el alcance de la salud publica en nuestro pa\u00eds en lo referido a <em>\u00abuna atenci\u00f3n de calidad y excelencia para las mujeres de nuestra poblaci\u00f3n\u00bb<\/em>, Alejandro Aragona ejerce actualmente como m\u00e9dico de Planta Titular en el&nbsp;Hospital Oncol\u00f3gico de la Ciudad de Buenos Aires <em>Mar\u00eda Curie<\/em> (referente p\u00fablico en materia de c\u00e1ncer nivel nacional), el Instituto Argentino de Diagn\u00f3stico y Tratamiento (I. A. D. T.) y su consultorio particular. El equipo quir\u00fargico por \u00e9l liderado efect\u00faa sus cirug\u00edas en los sanatorios m\u00e1s prestigiosos del pa\u00eds. Se desempe\u00f1a adem\u00e1s como consultor en c\u00e1ncer ginecol\u00f3gico en diversos centros hospitalarios del pa\u00eds tanto p\u00fablicos como privados.<\/span><\/p>\n\n\n\n<p class=\"has-text-align-left has-light-gray-color has-white-background-color has-text-color has-background has-link-color wp-elements-45fb6f191a7631e31ace2caacfd1222c\"><span style=\"color: #000000;\">Ha participado como disertante en numerosos congresos nacionales e internacionales,&nbsp;incluso en car\u00e1cter de&nbsp;miembro fundador de la <em>Latin American Society of Gynecologic Oncology<\/em> (LASGO) ceremonia llevada a cabo en la ciudad de Valdivia, Chile. &nbsp;La creaci\u00f3n de la LASGO result\u00f3 un evento in\u00e9dito, considerado como uno de los m\u00e1s significativos en la regi\u00f3n de las Am\u00e9ricas en t\u00e9rminos de unificaci\u00f3n y progreso conjunto de la ginecolog\u00eda oncol\u00f3gica a nivel regional. Ha publicado decenas de trabajos cient\u00edficos, muchos de los cuales se encuentran indexados en <em>Pubmed<\/em>, la biblioteca m\u00e9dica virtual m\u00e1s importante del mundo.&nbsp;<\/span><\/p>\n\n\n\n<p class=\"has-light-gray-color has-text-color has-link-color wp-elements-ac067eed0ad010b0ba7258f5c5f0f56c\">&nbsp;<\/p>\n\n\n\n<pre class=\"wp-block-verse\">Comentarios<\/pre>\n\n\n\n<p><\/p>\n","protected":false},"excerpt":{"rendered":"<p>Alejandro Aragona es un m\u00e9dico ginec\u00f3logo argentino dedicado al estudio y el tratamiento del c\u00e1ncer ginecol\u00f3gico. Naci\u00f3 en 1980 en la Ciudad de Buenos Aires. Ingres\u00f3 a la carrera de Medicina en la Facultad de<\/p>\n<p><a href=\"https:\/\/alejandroaragona.com\/\" class=\"more-link\">Seguir leyendo&#8230;<span class=\"screen-reader-text\">BIENVENIDOS<\/span><\/a><\/p>\n","protected":false},"author":1,"featured_media":6393,"parent":0,"menu_order":0,"comment_status":"open","ping_status":"closed","template":"","meta":{"footnotes":""},"class_list":["post-2","page","type-page","status-publish","has-post-thumbnail","hentry"],"_links":{"self":[{"href":"https:\/\/alejandroaragona.com\/index.php?rest_route=\/wp\/v2\/pages\/2","targetHints":{"allow":["GET"]}}],"collection":[{"href":"https:\/\/alejandroaragona.com\/index.php?rest_route=\/wp\/v2\/pages"}],"about":[{"href":"https:\/\/alejandroaragona.com\/index.php?rest_route=\/wp\/v2\/types\/page"}],"author":[{"embeddable":true,"href":"https:\/\/alejandroaragona.com\/index.php?rest_route=\/wp\/v2\/users\/1"}],"replies":[{"embeddable":true,"href":"https:\/\/alejandroaragona.com\/index.php?rest_route=%2Fwp%2Fv2%2Fcomments&post=2"}],"version-history":[{"count":20,"href":"https:\/\/alejandroaragona.com\/index.php?rest_route=\/wp\/v2\/pages\/2\/revisions"}],"predecessor-version":[{"id":6462,"href":"https:\/\/alejandroaragona.com\/index.php?rest_route=\/wp\/v2\/pages\/2\/revisions\/6462"}],"wp:featuredmedia":[{"embeddable":true,"href":"https:\/\/alejandroaragona.com\/index.php?rest_route=\/wp\/v2\/media\/6393"}],"wp:attachment":[{"href":"https:\/\/alejandroaragona.com\/index.php?rest_route=%2Fwp%2Fv2%2Fmedia&parent=2"}],"curies":[{"name":"wp","href":"https:\/\/api.w.org\/{rel}","templated":true}]}}